{"id":40,"date":"2018-04-22T20:26:49","date_gmt":"2018-04-22T20:26:49","guid":{"rendered":"http:\/\/serwer1849395.home.pl\/autoinstalator\/wordpress\/?page_id=40"},"modified":"2018-07-04T19:22:44","modified_gmt":"2018-07-04T19:22:44","slug":"oferta","status":"publish","type":"page","link":"http:\/\/skleprybnyrybka.pl\/?page_id=40","title":{"rendered":"Oferta"},"content":{"rendered":"\t\t<div data-elementor-type=\"wp-post\" data-elementor-id=\"40\" class=\"elementor elementor-40 elementor-bc-flex-widget\">\n\t\t\t\t\t\t<div class=\"elementor-inner\">\n\t\t\t\t<div class=\"elementor-section-wrap\">\n\t\t\t\t\t\t\t\t\t<section class=\"elementor-section elementor-top-section elementor-element elementor-element-d8c2b1d elementor-section-boxed elementor-section-height-default elementor-section-height-default\" data-id=\"d8c2b1d\" data-element_type=\"section\">\n\t\t\t\t\t\t<div class=\"elementor-container elementor-column-gap-default\">\n\t\t\t\t\t\t\t<div class=\"elementor-row\">\n\t\t\t\t\t<div class=\"elementor-column elementor-col-33 elementor-top-column elementor-element elementor-element-85e20ee\" data-id=\"85e20ee\" data-element_type=\"column\">\n\t\t\t<div class=\"elementor-column-wrap elementor-element-populated\">\n\t\t\t\t\t\t\t<div class=\"elementor-widget-wrap\">\n\t\t\t\t\t\t<div class=\"elementor-element elementor-element-2d05f8c elementor-widget elementor-widget-image\" data-id=\"2d05f8c\" data-element_type=\"widget\" data-widget_type=\"image.default\">\n\t\t\t\t<div class=\"elementor-widget-container\">\n\t\t\t\t\t\t\t\t<div class=\"elementor-image\">\n\t\t\t\t\t\t\t\t\t\t\t\t\t<a href=\"http:\/\/skleprybnyrybka.pl\/?page_id=66\">\n\t\t\t\t\t\t\t<img width=\"1024\" height=\"683\" src=\"http:\/\/skleprybnyrybka.pl\/wp-content\/uploads\/2018\/04\/fullsizeoutput_3153-2-1024x683.jpg\" class=\"attachment-large size-large\" alt=\"\" loading=\"lazy\" srcset=\"http:\/\/skleprybnyrybka.pl\/wp-content\/uploads\/2018\/04\/fullsizeoutput_3153-2-1024x683.jpg 1024w, http:\/\/skleprybnyrybka.pl\/wp-content\/uploads\/2018\/04\/fullsizeoutput_3153-2-300x200.jpg 300w, http:\/\/skleprybnyrybka.pl\/wp-content\/uploads\/2018\/04\/fullsizeoutput_3153-2-768x512.jpg 768w, http:\/\/skleprybnyrybka.pl\/wp-content\/uploads\/2018\/04\/fullsizeoutput_3153-2-e1532463956587.jpg 1200w\" sizes=\"(max-width: 1024px) 100vw, 1024px\" \/>\t\t\t\t\t\t\t\t<\/a>\n\t\t\t\t\t\t\t\t\t\t\t\t\t\t<\/div>\n\t\t\t\t\t\t<\/div>\n\t\t\t\t<\/div>\n\t\t\t\t<div class=\"elementor-element elementor-element-fdd03b3 elementor-widget elementor-widget-heading\" data-id=\"fdd03b3\" data-element_type=\"widget\" data-widget_type=\"heading.default\">\n\t\t\t\t<div class=\"elementor-widget-container\">\n\t\t\t<h2 class=\"elementor-heading-title elementor-size-default\"><a href=\"http:\/\/skleprybnyrybka.pl\/?page_id=66\">Ryby \u015bwie\u017ce<\/a><\/h2>\t\t<\/div>\n\t\t\t\t<\/div>\n\t\t\t\t<div class=\"elementor-element elementor-element-8201e3e elementor-widget elementor-widget-heading\" data-id=\"8201e3e\" data-element_type=\"widget\" data-widget_type=\"heading.default\">\n\t\t\t\t<div class=\"elementor-widget-container\">\n\t\t\t<div class=\"elementor-heading-title elementor-size-default\">W naszej ofercie znajd\u0105 Pa\u0144stwo szerok\u0105 gam\u0119 \u015bwie\u017cych ryb. Codzienne dostawy pocz\u0105wszy od ryb morskich, poprzez ryby jeziorne, \u017ar\u00f3dlane sko\u0144czywszy na rybach hodowlanych.\n<\/div>\t\t<\/div>\n\t\t\t\t<\/div>\n\t\t\t\t\t\t<\/div>\n\t\t\t\t\t<\/div>\n\t\t<\/div>\n\t\t\t\t<div class=\"elementor-column elementor-col-33 elementor-top-column elementor-element elementor-element-6a52e0c\" data-id=\"6a52e0c\" data-element_type=\"column\">\n\t\t\t<div class=\"elementor-column-wrap elementor-element-populated\">\n\t\t\t\t\t\t\t<div class=\"elementor-widget-wrap\">\n\t\t\t\t\t\t<div class=\"elementor-element elementor-element-e1ee77d elementor-widget elementor-widget-image\" data-id=\"e1ee77d\" data-element_type=\"widget\" data-widget_type=\"image.default\">\n\t\t\t\t<div class=\"elementor-widget-container\">\n\t\t\t\t\t\t\t\t<div class=\"elementor-image\">\n\t\t\t\t\t\t\t\t\t\t\t\t\t<a href=\"http:\/\/skleprybnyrybka.pl\/?page_id=67\">\n\t\t\t\t\t\t\t<img width=\"1024\" height=\"683\" src=\"http:\/\/skleprybnyrybka.pl\/wp-content\/uploads\/2018\/04\/fullsizeoutput_314b-2-1024x683.jpg\" class=\"attachment-large size-large\" alt=\"\" loading=\"lazy\" srcset=\"http:\/\/skleprybnyrybka.pl\/wp-content\/uploads\/2018\/04\/fullsizeoutput_314b-2-1024x683.jpg 1024w, http:\/\/skleprybnyrybka.pl\/wp-content\/uploads\/2018\/04\/fullsizeoutput_314b-2-300x200.jpg 300w, http:\/\/skleprybnyrybka.pl\/wp-content\/uploads\/2018\/04\/fullsizeoutput_314b-2-768x512.jpg 768w, http:\/\/skleprybnyrybka.pl\/wp-content\/uploads\/2018\/04\/fullsizeoutput_314b-2-e1532464021886.jpg 1200w\" sizes=\"(max-width: 1024px) 100vw, 1024px\" \/>\t\t\t\t\t\t\t\t<\/a>\n\t\t\t\t\t\t\t\t\t\t\t\t\t\t<\/div>\n\t\t\t\t\t\t<\/div>\n\t\t\t\t<\/div>\n\t\t\t\t<div class=\"elementor-element elementor-element-a324dea elementor-widget elementor-widget-heading\" data-id=\"a324dea\" data-element_type=\"widget\" data-widget_type=\"heading.default\">\n\t\t\t\t<div class=\"elementor-widget-container\">\n\t\t\t<h2 class=\"elementor-heading-title elementor-size-default\"><a href=\"http:\/\/skleprybnyrybka.pl\/?page_id=67\">Ryby w\u0119dzone<\/a><\/h2>\t\t<\/div>\n\t\t\t\t<\/div>\n\t\t\t\t<div class=\"elementor-element elementor-element-91dba68 elementor-widget elementor-widget-heading\" data-id=\"91dba68\" data-element_type=\"widget\" data-widget_type=\"heading.default\">\n\t\t\t\t<div class=\"elementor-widget-container\">\n\t\t\t<div class=\"elementor-heading-title elementor-size-default\">Dostarczane codziennie z renomowanych nadmorskich w\u0119dzarni. Dost\u0119pna szeroka gama ryb w\u0119dzonych metodami na ciep\u0142o oraz w\u0119dzenia na zimno.<\/div>\t\t<\/div>\n\t\t\t\t<\/div>\n\t\t\t\t\t\t<\/div>\n\t\t\t\t\t<\/div>\n\t\t<\/div>\n\t\t\t\t<div class=\"elementor-column elementor-col-33 elementor-top-column elementor-element elementor-element-ab515e7\" data-id=\"ab515e7\" data-element_type=\"column\">\n\t\t\t<div class=\"elementor-column-wrap elementor-element-populated\">\n\t\t\t\t\t\t\t<div class=\"elementor-widget-wrap\">\n\t\t\t\t\t\t<div class=\"elementor-element elementor-element-405b1bf elementor-widget elementor-widget-image\" data-id=\"405b1bf\" data-element_type=\"widget\" data-widget_type=\"image.default\">\n\t\t\t\t<div class=\"elementor-widget-container\">\n\t\t\t\t\t\t\t\t<div class=\"elementor-image\">\n\t\t\t\t\t\t\t\t\t\t\t\t\t<a href=\"http:\/\/skleprybnyrybka.pl\/?page_id=325\">\n\t\t\t\t\t\t\t<img width=\"1024\" height=\"683\" src=\"http:\/\/skleprybnyrybka.pl\/wp-content\/uploads\/2018\/05\/IMG_5559-1024x683.jpg\" class=\"attachment-large size-large\" alt=\"\" loading=\"lazy\" srcset=\"http:\/\/skleprybnyrybka.pl\/wp-content\/uploads\/2018\/05\/IMG_5559-1024x683.jpg 1024w, http:\/\/skleprybnyrybka.pl\/wp-content\/uploads\/2018\/05\/IMG_5559-300x200.jpg 300w, http:\/\/skleprybnyrybka.pl\/wp-content\/uploads\/2018\/05\/IMG_5559-768x512.jpg 768w\" sizes=\"(max-width: 1024px) 100vw, 1024px\" \/>\t\t\t\t\t\t\t\t<\/a>\n\t\t\t\t\t\t\t\t\t\t\t\t\t\t<\/div>\n\t\t\t\t\t\t<\/div>\n\t\t\t\t<\/div>\n\t\t\t\t<div class=\"elementor-element elementor-element-d4e8367 elementor-widget elementor-widget-heading\" data-id=\"d4e8367\" data-element_type=\"widget\" data-widget_type=\"heading.default\">\n\t\t\t\t<div class=\"elementor-widget-container\">\n\t\t\t<h2 class=\"elementor-heading-title elementor-size-default\"><a href=\"http:\/\/skleprybnyrybka.pl\/?page_id=325\">Ryby mro\u017cone i owoce morza<\/a><\/h2>\t\t<\/div>\n\t\t\t\t<\/div>\n\t\t\t\t<div class=\"elementor-element elementor-element-edeba02 elementor-widget elementor-widget-heading\" data-id=\"edeba02\" data-element_type=\"widget\" data-widget_type=\"heading.default\">\n\t\t\t\t<div class=\"elementor-widget-container\">\n\t\t\t<div class=\"elementor-heading-title elementor-size-default\">Od lat dostarczamy Pa\u0144stwu bogaty asortyment ryb mro\u017conych oraz owoc\u00f3w morza z ca\u0142ego \u015bwiata.<\/div>\t\t<\/div>\n\t\t\t\t<\/div>\n\t\t\t\t\t\t<\/div>\n\t\t\t\t\t<\/div>\n\t\t<\/div>\n\t\t\t\t\t\t\t\t<\/div>\n\t\t\t\t\t<\/div>\n\t\t<\/section>\n\t\t\t\t<section class=\"elementor-section elementor-top-section elementor-element elementor-element-928923c elementor-section-boxed elementor-section-height-default elementor-section-height-default\" data-id=\"928923c\" data-element_type=\"section\">\n\t\t\t\t\t\t<div class=\"elementor-container elementor-column-gap-default\">\n\t\t\t\t\t\t\t<div class=\"elementor-row\">\n\t\t\t\t\t<div class=\"elementor-column elementor-col-33 elementor-top-column elementor-element elementor-element-3add84a\" data-id=\"3add84a\" data-element_type=\"column\">\n\t\t\t<div class=\"elementor-column-wrap elementor-element-populated\">\n\t\t\t\t\t\t\t<div class=\"elementor-widget-wrap\">\n\t\t\t\t\t\t<div class=\"elementor-element elementor-element-dc02e4f elementor-widget elementor-widget-image\" data-id=\"dc02e4f\" data-element_type=\"widget\" data-widget_type=\"image.default\">\n\t\t\t\t<div class=\"elementor-widget-container\">\n\t\t\t\t\t\t\t\t<div class=\"elementor-image\">\n\t\t\t\t\t\t\t\t\t\t\t\t\t<a href=\"http:\/\/skleprybnyrybka.pl\/?page_id=296\">\n\t\t\t\t\t\t\t<img width=\"1024\" height=\"683\" src=\"http:\/\/skleprybnyrybka.pl\/wp-content\/uploads\/2018\/04\/fullsizeoutput_3161-2-1024x683.jpg\" class=\"attachment-large size-large\" alt=\"\" loading=\"lazy\" srcset=\"http:\/\/skleprybnyrybka.pl\/wp-content\/uploads\/2018\/04\/fullsizeoutput_3161-2-1024x683.jpg 1024w, http:\/\/skleprybnyrybka.pl\/wp-content\/uploads\/2018\/04\/fullsizeoutput_3161-2-300x200.jpg 300w, http:\/\/skleprybnyrybka.pl\/wp-content\/uploads\/2018\/04\/fullsizeoutput_3161-2-768x512.jpg 768w\" sizes=\"(max-width: 1024px) 100vw, 1024px\" \/>\t\t\t\t\t\t\t\t<\/a>\n\t\t\t\t\t\t\t\t\t\t\t\t\t\t<\/div>\n\t\t\t\t\t\t<\/div>\n\t\t\t\t<\/div>\n\t\t\t\t<div class=\"elementor-element elementor-element-4276524 elementor-widget elementor-widget-heading\" data-id=\"4276524\" data-element_type=\"widget\" data-widget_type=\"heading.default\">\n\t\t\t\t<div class=\"elementor-widget-container\">\n\t\t\t<h2 class=\"elementor-heading-title elementor-size-default\"><a href=\"http:\/\/skleprybnyrybka.pl\/?page_id=276\">Przetwory rybne<\/a><\/h2>\t\t<\/div>\n\t\t\t\t<\/div>\n\t\t\t\t<div class=\"elementor-element elementor-element-953d3c5 elementor-widget elementor-widget-heading\" data-id=\"953d3c5\" data-element_type=\"widget\" data-widget_type=\"heading.default\">\n\t\t\t\t<div class=\"elementor-widget-container\">\n\t\t\t<div class=\"elementor-heading-title elementor-size-default\">Z najwy\u017csz\u0105 staranno\u015bci\u0105 ka\u017cdego dnia przygotowujemy dla Pa\u0144stwa w\u0142asny garma\u017c. Dbamy r\u00f3wnie\u017c o to aby zale\u017ali u nas Pa\u0144stwo godne polecenia i sprawdzone wyroby innych firm.<\/div>\t\t<\/div>\n\t\t\t\t<\/div>\n\t\t\t\t\t\t<\/div>\n\t\t\t\t\t<\/div>\n\t\t<\/div>\n\t\t\t\t<div class=\"elementor-column elementor-col-33 elementor-top-column elementor-element elementor-element-37e0d19\" data-id=\"37e0d19\" data-element_type=\"column\">\n\t\t\t<div class=\"elementor-column-wrap elementor-element-populated\">\n\t\t\t\t\t\t\t<div class=\"elementor-widget-wrap\">\n\t\t\t\t\t\t<div class=\"elementor-element elementor-element-51eccf8 elementor-widget elementor-widget-image\" data-id=\"51eccf8\" data-element_type=\"widget\" data-widget_type=\"image.default\">\n\t\t\t\t<div class=\"elementor-widget-container\">\n\t\t\t\t\t\t\t\t<div class=\"elementor-image\">\n\t\t\t\t\t\t\t\t\t\t\t\t\t<a href=\"http:\/\/skleprybnyrybka.pl\/?page_id=278\">\n\t\t\t\t\t\t\t<img width=\"1024\" height=\"683\" src=\"http:\/\/skleprybnyrybka.pl\/wp-content\/uploads\/2018\/04\/IMG_2639-2-1024x683.jpg\" class=\"attachment-large size-large\" alt=\"\" loading=\"lazy\" srcset=\"http:\/\/skleprybnyrybka.pl\/wp-content\/uploads\/2018\/04\/IMG_2639-2-1024x683.jpg 1024w, http:\/\/skleprybnyrybka.pl\/wp-content\/uploads\/2018\/04\/IMG_2639-2-300x200.jpg 300w, http:\/\/skleprybnyrybka.pl\/wp-content\/uploads\/2018\/04\/IMG_2639-2-768x512.jpg 768w\" sizes=\"(max-width: 1024px) 100vw, 1024px\" \/>\t\t\t\t\t\t\t\t<\/a>\n\t\t\t\t\t\t\t\t\t\t\t\t\t\t<\/div>\n\t\t\t\t\t\t<\/div>\n\t\t\t\t<\/div>\n\t\t\t\t<div class=\"elementor-element elementor-element-1ed3443 elementor-widget elementor-widget-heading\" data-id=\"1ed3443\" data-element_type=\"widget\" data-widget_type=\"heading.default\">\n\t\t\t\t<div class=\"elementor-widget-container\">\n\t\t\t<h2 class=\"elementor-heading-title elementor-size-default\"><a href=\"http:\/\/skleprybnyrybka.pl\/?page_id=278\">Sur\u00f3wki i sa\u0142atki<\/a><\/h2>\t\t<\/div>\n\t\t\t\t<\/div>\n\t\t\t\t<div class=\"elementor-element elementor-element-2e4d44b elementor-widget elementor-widget-heading\" data-id=\"2e4d44b\" data-element_type=\"widget\" data-widget_type=\"heading.default\">\n\t\t\t\t<div class=\"elementor-widget-container\">\n\t\t\t<div class=\"elementor-heading-title elementor-size-default\">Produkowane codziennie z najlepszych jako\u015bciowo produkt\u00f3w. Nie zawieraj\u0105 konserwant\u00f3w ani sztucznych barwnik\u00f3w, a ich jako\u015b\u0107 jest pod sta\u0142\u0105 kontrol\u0105.<\/div>\t\t<\/div>\n\t\t\t\t<\/div>\n\t\t\t\t\t\t<\/div>\n\t\t\t\t\t<\/div>\n\t\t<\/div>\n\t\t\t\t<div class=\"elementor-column elementor-col-33 elementor-top-column elementor-element elementor-element-806b8f7\" data-id=\"806b8f7\" data-element_type=\"column\">\n\t\t\t<div class=\"elementor-column-wrap\">\n\t\t\t\t\t\t\t<div class=\"elementor-widget-wrap\">\n\t\t\t\t\t\t\t\t<\/div>\n\t\t\t\t\t<\/div>\n\t\t<\/div>\n\t\t\t\t\t\t\t\t<\/div>\n\t\t\t\t\t<\/div>\n\t\t<\/section>\n\t\t\t\t\t\t\t\t\t<\/div>\n\t\t\t<\/div>\n\t\t\t\t\t<\/div>\n\t\t","protected":false},"excerpt":{"rendered":"<p>Ryby \u015bwie\u017ce W naszej ofercie znajd\u0105 Pa\u0144stwo szerok\u0105 gam\u0119 \u015bwie\u017cych ryb. Codzienne dostawy pocz\u0105wszy od ryb morskich, poprzez ryby jeziorne, \u017ar\u00f3dlane sko\u0144czywszy na rybach hodowlanych. Ryby w\u0119dzone Dostarczane codziennie z renomowanych nadmorskich w\u0119dzarni. Dost\u0119pna szeroka gama ryb w\u0119dzonych metodami na ciep\u0142o oraz w\u0119dzenia na zimno. [&hellip;]<\/p>\n","protected":false},"author":1,"featured_media":0,"parent":0,"menu_order":0,"comment_status":"closed","ping_status":"closed","template":"","meta":{"_monsterinsights_skip_tracking":false,"_monsterinsights_sitenote_active":false,"_monsterinsights_sitenote_note":"","_monsterinsights_sitenote_category":0,"ngg_post_thumbnail":0},"_links":{"self":[{"href":"http:\/\/skleprybnyrybka.pl\/index.php?rest_route=\/wp\/v2\/pages\/40"}],"collection":[{"href":"http:\/\/skleprybnyrybka.pl\/index.php?rest_route=\/wp\/v2\/pages"}],"about":[{"href":"http:\/\/skleprybnyrybka.pl\/index.php?rest_route=\/wp\/v2\/types\/page"}],"author":[{"embeddable":true,"href":"http:\/\/skleprybnyrybka.pl\/index.php?rest_route=\/wp\/v2\/users\/1"}],"replies":[{"embeddable":true,"href":"http:\/\/skleprybnyrybka.pl\/index.php?rest_route=%2Fwp%2Fv2%2Fcomments&post=40"}],"version-history":[{"count":37,"href":"http:\/\/skleprybnyrybka.pl\/index.php?rest_route=\/wp\/v2\/pages\/40\/revisions"}],"predecessor-version":[{"id":503,"href":"http:\/\/skleprybnyrybka.pl\/index.php?rest_route=\/wp\/v2\/pages\/40\/revisions\/503"}],"wp:attachment":[{"href":"http:\/\/skleprybnyrybka.pl\/index.php?rest_route=%2Fwp%2Fv2%2Fmedia&parent=40"}],"curies":[{"name":"wp","href":"https:\/\/api.w.org\/{rel}","templated":true}]}}